{"id":1246,"date":"2023-06-06T12:39:57","date_gmt":"2023-06-06T12:39:57","guid":{"rendered":"https:\/\/www.ibizamedicalcentre.com\/rechtlicher-hinweis\/"},"modified":"2024-04-26T10:38:00","modified_gmt":"2024-04-26T10:38:00","slug":"rechtlicher-hinweis","status":"publish","type":"page","link":"https:\/\/www.ibizamedicalcentre.com\/de\/rechtlicher-hinweis\/","title":{"rendered":"Rechtlicher Hinweis"},"content":{"rendered":"\t\t<div data-elementor-type=\"wp-page\" data-elementor-id=\"1246\" class=\"elementor elementor-1246 elementor-239\" data-elementor-post-type=\"page\">\n\t\t\t\t<div class=\"elementor-element elementor-element-cb644a5 e-flex e-con-boxed e-con e-parent\" data-id=\"cb644a5\" data-element_type=\"container\" data-e-type=\"container\">\n\t\t\t\t\t<div class=\"e-con-inner\">\n\t\t\t\t<div class=\"elementor-element elementor-element-46b1e2c elementor-widget elementor-widget-text-editor\" data-id=\"46b1e2c\" data-element_type=\"widget\" data-e-type=\"widget\" data-widget_type=\"text-editor.default\">\n\t\t\t\t<div class=\"elementor-widget-container\">\n\t\t\t\t\t\t\t\t\t<p>In \u00dcbereinstimmung mit der geltenden Gesetzgebung zum Schutz personenbezogener Daten informieren wir Sie dar\u00fcber, dass die personenbezogenen Daten, die Sie uns durch Ausf\u00fcllen des elektronischen Anmeldeformulars auf dieser Seite zur Verf\u00fcgung stellen, in Dateien gesammelt werden, f\u00fcr die der Inhaber der Datenverarbeitung verantwortlich ist:<\/p><p>Medicina Domiciliaria S. L.<\/p><p>Gem\u00e4\u00df den Bestimmungen der genannten Gesetzgebung kann der Inhaber der personenbezogenen Daten sein Recht auf Zugang, Berichtigung, L\u00f6schung, Widerspruch, Einschr\u00e4nkung der Verarbeitung, Daten\u00fcbertragbarkeit und das Recht, keinen automatisierten Einzelentscheidungen, einschlie\u00dflich Profiling, unterworfen zu werden, aus\u00fcben, indem er sich schriftlich an:<\/p><p><b>Medicina Domiciliaria S. L.<\/b><\/p><p>Calle del mar 19<\/p><p>07840 &#8211; Santa Eulalia<\/p><p>oder per E-Mail an info@ibizamedicalcentre.com, wobei in der Betreffzeile &#8222;DATENSCHUTZ&#8220; anzugeben ist.<\/p><p>Die Nichteingabe der pers\u00f6nlichen Daten, die auf dem Anmeldeformular als obligatorisch angegeben sind, kann dazu f\u00fchren, dass wir Ihre Anfrage nicht bearbeiten k\u00f6nnen.<\/p><p>Bitte informieren Sie <i>Medicina Domiciliaria S. L.<\/i> unverz\u00fcglich \u00fcber jede \u00c4nderung Ihrer pers\u00f6nlichen Daten, damit die in unseren Dateien enthaltenen Informationen stets auf dem neuesten Stand sind und keine Fehler enthalten. Indem Sie diesen rechtlichen Hinweis akzeptieren, erkennen Sie an, dass die gesammelten Informationen und pers\u00f6nlichen Daten korrekt und wahrheitsgem\u00e4\u00df sind.<\/p><p>Die Erfassung Ihrer personenbezogenen Daten erfolgt zum Zweck der Pflege von Beziehungen, die sich aus der Erbringung medizinischer und psychologischer Dienstleistungen ergeben, sowie zur Zusendung von Werbung f\u00fcr andere Produkte und Dienstleistungen, von Mitteilungen und Angeboten und allgemein von kommerziellen Informationen, die f\u00fcr Medicina Domiciliaria S. L. von Interesse sind. Die Verarbeitung ist auf der Grundlage von mindestens einer der folgenden Bedingungen rechtm\u00e4\u00dfig:<\/p><p>(a) Die betroffene Person hat in die Verarbeitung ihrer personenbezogenen Daten f\u00fcr einen oder mehrere bestimmte Zwecke eingewilligt;<\/p><p>b) die Verarbeitung ist f\u00fcr die Erf\u00fcllung eines Vertrags, dessen Vertragspartei die betroffene Person ist, oder f\u00fcr die Durchf\u00fchrung vorvertraglicher Ma\u00dfnahmen erforderlich, die auf Antrag der betroffenen Person erfolgen;<\/p><p>(c) die Verarbeitung ist f\u00fcr die Erf\u00fcllung einer rechtlichen Verpflichtung erforderlich, der der f\u00fcr die Verarbeitung Verantwortliche unterliegt.<\/p><p>Wir informieren Sie auch dar\u00fcber, dass unser Server eine Datei (&#8222;Cookie&#8220;) an Ihren Computer senden kann, die uns technische Informationen \u00fcber die gew\u00e4hlte Sprache und andere Browsing-Optionen der Seiten liefert, die Sie \u00fcber www.ibizamedicalcentre.com besuchen.<i>. <\/i>In jedem Fall haben Sie die M\u00f6glichkeit, Ihren Computer so zu konfigurieren, dass die Installation dieser Cookies abgelehnt wird.<\/p><p>Medicina Domiciliaria S. L. verpflichtet sich, Ihre pers\u00f6nlichen Daten streng vertraulich zu behandeln und sie nur f\u00fcr die angegebenen Zwecke zu verwenden.<\/p><p>Wir m\u00f6chten Sie darauf hinweisen, dass <i>Medicina Domiciliaria S. L.<\/i> die gesetzlich vorgeschriebenen Sicherheitsma\u00dfnahmen in Bezug auf ihre Einrichtungen, Systeme und Dateien zum Schutz personenbezogener Daten ergriffen hat, wie sie vom Datenschutzgesetz gefordert werden. Dar\u00fcber hinaus garantiert der Verantwortliche f\u00fcr die Dateien die Vertraulichkeit der personenbezogenen Daten. Es werden jedoch personenbezogene Daten und andere Informationen, die sich in seinem Besitz befinden oder \u00fcber seine Systeme zug\u00e4nglich sind und gem\u00e4\u00df den geltenden Rechtsvorschriften von den zust\u00e4ndigen Beh\u00f6rden angefordert werden, an diese weitergegeben.<\/p><p>Der Dateninhaber ist in jedem Fall f\u00fcr die Richtigkeit, Genauigkeit, Aktualit\u00e4t, Authentizit\u00e4t und Relevanz der bereitgestellten personenbezogenen Daten verantwortlich.<\/p><p>Medicina Domiciliaria S. L. hat gem\u00e4\u00df den geltenden Datenschutzbestimmungen einen Datenschutzbeauftragten ernannt. Der Datenschutzbeauftragte (DSB) hat unter anderem folgende Aufgaben:<\/p><p>a) Informieren und beraten des Verantwortlichen oder des Auftragsverarbeiters sowie der Mitarbeiter, die mit der Verarbeitung betraut sind, \u00fcber ihre Pflichten im Bereich des Datenschutzes.<\/p><p>b) \u00dcberwachen der Einhaltung der Datenschutzgesetze und der unternehmensinternen Richtlinien zum Schutz personenbezogener Daten, einschlie\u00dflich der Zuweisung von Verantwortlichkeiten, der Sensibilisierung und Schulung des Personals, das an den Verarbeitungsaktivit\u00e4ten beteiligt ist, sowie der Durchf\u00fchrung entsprechender Audits.<\/p><p>c) Das erforderliche Beratungsangebot zur Datenschutz-Folgenabsch\u00e4tzung bereitstellen und deren Umsetzung \u00fcberwachen.<\/p><p>d) Mit der Aufsichtsbeh\u00f6rde zusammenarbeiten. e) Als Ansprechpartner f\u00fcr die Aufsichtsbeh\u00f6rde f\u00fcr Fragen im Zusammenhang mit der Verarbeitung fungieren, einschlie\u00dflich der vorherigen Konsultation gem\u00e4\u00df Artikel 36 der Verordnung (EU) 2016\/679 des Europ\u00e4ischen Parlaments und des Rates vom 27. April 2016, und gegebenenfalls zu anderen Themen Beratung anbieten.<\/p><p>F\u00fcr Anfragen oder Informationen, die an den Datenschutzbeauftragten gerichtet sind, wenden Sie sich bitte an die E-Mail-Adresse info@ibizamedicalcentre.com und geben Sie im Betreff die Bezeichnung &#8222;Datenschutzbeauftragter&#8220; an.<\/p><p><strong><u>Rechtliche Informationen<\/u><\/strong><\/p><p>Gem\u00e4\u00df Artikel 10 des Gesetzes 34\/2002 \u00fcber Dienste der Informationsgesellschaft und des elektronischen Gesch\u00e4ftsverkehrs informieren wir alle unsere Kunden, Benutzer und Besucher \u00fcber die rechtlichen Informationen in Bezug auf das Unternehmen, das Eigent\u00fcmer der Website ist, die unter der Internetadresse zu finden ist:<\/p><p>www.ibizamedicalcentre.com<\/p><p><strong>Firmenname:<\/strong> <b>Medicina Domiciliaria S. L.<\/b><br \/><strong>Gesch\u00e4ftsadresse:<\/strong> Calle del mar 19<br \/><strong>Steuernummer (CIF):<\/strong> B57593758<\/p><p><strong>Handelsregister : de Ibiza, <\/strong>diario:27 asiento: 27 tomo:227 libro:226 folio: 19 hoja ib:9541 inscrip: 1.<\/p><p><strong><u>Datenschutzrichtlinie (auf Kontaktseiten)<\/u><\/strong><\/p><p>Gem\u00e4\u00df dem Gesetz \u00fcber Dienste der Informationsgesellschaft und des elektronischen Gesch\u00e4ftsverkehrs sowie der geltenden Datenschutzgesetzgebung informieren wir Sie dar\u00fcber, dass Ihre Daten in einer Datenbank von Medicina Domiciliaria S. L. gespeichert werden, deren Zweck die Aufrechterhaltung der Beziehungen im Zusammenhang mit der Erbringung von medizinischen und psychologischen Dienstleistungen ist. Au\u00dferdem m\u00f6chten wir Ihnen Werbung f\u00fcr andere Produkte und Dienstleistungen, Benachrichtigungen, Angebote und allgemein kommerziell interessante Informationen von Medicina Domiciliaria S. L. zukommen lassen. Die Verarbeitung erfolgt auf der Grundlage mindestens einer der folgenden Bedingungen:<\/p><p>(a) Die betroffene Person hat in die Verarbeitung ihrer personenbezogenen Daten f\u00fcr einen oder mehrere bestimmte Zwecke eingewilligt;<\/p><p>b) die Verarbeitung ist f\u00fcr die Erf\u00fcllung eines Vertrags, dessen Vertragspartei die betroffene Person ist, oder f\u00fcr die Durchf\u00fchrung vorvertraglicher Ma\u00dfnahmen erforderlich, die auf Antrag der betroffenen Person erfolgen;<\/p><p>(c) die Verarbeitung ist f\u00fcr die Erf\u00fcllung einer rechtlichen Verpflichtung erforderlich, der der f\u00fcr die Verarbeitung Verantwortliche unterliegt.<\/p><p>Diese personenbezogenen Daten werden gem\u00e4\u00df den geltenden Bestimmungen zum Schutz personenbezogener Daten behandelt. Die betroffene Person hat das Recht auf Zugang, Berichtigung, L\u00f6schung, Widerspruch, Einschr\u00e4nkung der Verarbeitung, Daten\u00fcbertragbarkeit und das Recht, nicht Gegenstand einer ausschlie\u00dflich auf einer automatisierten Verarbeitung beruhenden Entscheidung einschlie\u00dflich Profiling zu sein, was ihre personenbezogenen Daten betrifft, die in der genannten Datenbank enthalten sind. Hierzu kann ein Schreiben an folgende Adresse gerichtet werden:<\/p><p><b>Medicina Domiciliaria S. L.<\/b><\/p><p>Calle del mar 19<\/p><p>07840 &#8211; Santa Eulalia<\/p><p>oder per E-Mail an info@ibizamedicalcentre.com, wobei in der Betreffzeile &#8222;DATENSCHUTZ&#8220; anzugeben ist.<\/p><p><b>Cookie-Richtlinie.<\/b><\/p><p><b>Einf\u00fchrung und Konzept von Cookies.<\/b><\/p><p>Gem\u00e4\u00df Absatz 2 des Artikels 22 des Gesetzes 34\/2002 \u00fcber Dienste der Informationsgesellschaft und des elektronischen Gesch\u00e4ftsverkehrs m\u00f6chte Ihnen Medicina Domiciliaria S.L., nachfolgend DAS UNTERNEHMEN, mit diesem Dokument erkl\u00e4ren, was Cookies sind, ihre Funktion, ihren Nutzen und ihre Notwendigkeit, damit Sie frei entscheiden k\u00f6nnen, ob Sie diese akzeptieren m\u00f6chten oder nicht. Trotzdem wird Ihnen ausdr\u00fccklich mitgeteilt, dass es Cookies geben kann, die f\u00fcr die Kommunikation zwischen Ihrem Ger\u00e4t und dem Netzwerk sowie f\u00fcr die Bereitstellung von von Ihnen ausdr\u00fccklich angeforderten Diensten erforderlich sind und daher von den Verpflichtungen gem\u00e4\u00df dem genannten Artikel ausgenommen sind.<\/p><p>Ein Cookie ist einfach eine Datei mit einem anonymen Code, die beim Zugriff auf bestimmte Webseiten auf Ihren Computer heruntergeladen wird. Diese kleinen Dateien erm\u00f6glichen es einer Webseite unter anderem, Informationen \u00fcber die Browsergewohnheiten eines Benutzers oder seines Ger\u00e4ts passiv zu speichern, aufzuzeichnen und abzurufen. Diese Informationen k\u00f6nnen den Standort, die Verbindungszeit, den Ger\u00e4tetyp (station\u00e4r oder mobil), das Betriebssystem, den Browser, die meistbesuchten Seiten und die Anzahl der Klicks umfassen, die der Benutzer im Internet ausgef\u00fchrt hat, sowie weitere Verhaltensdaten.<\/p><p>Sie k\u00f6nnen Cookies in Ihrem Browser deaktivieren und jederzeit l\u00f6schen. Bitte beachten Sie jedoch, dass die Deaktivierung von Cookies dazu f\u00fchren kann, dass die Website nicht ordnungsgem\u00e4\u00df funktioniert. Weitere Informationen zu Cookies finden Sie unter folgender URL: http:\/\/www.aboutcookies.org\/.<\/p><p><b>Arten von Cookies.<\/b><\/p><p>Cookies werden je nach ihrer Funktion in folgende Kategorien eingeteilt:<\/p><p>\u2022 <em>Unbedingt erforderliche oder technische Cookies<\/em>: Diese erm\u00f6glichen dem Benutzer das Navigieren auf einer Webseite, Plattform oder Anwendung sowie die Nutzung der verschiedenen Optionen oder Dienste, die dort verf\u00fcgbar sind.<\/p><p>\u2022 <em>Personalisierungs-Cookies:<\/em> Diese erm\u00f6glichen es dem Benutzer, bestimmte allgemeine Merkmale zu konfigurieren, wenn er auf den Dienst zugreift (Sprache, Browsertyp usw.).<\/p><p>\u2022 <em>Analyse-Cookies:<\/em> Diese erm\u00f6glichen es dem Verantwortlichen, das Verhalten der Benutzer von verkn\u00fcpften Websites zu verfolgen und zu analysieren. Diese werden zur Analyse der Aktivit\u00e4t von Websites oder Anwendungen, auf die der Benutzer zugreift, sowie zur Erstellung von Navigationsprofilen verwendet, die zur Untersuchung von Verbesserungen f\u00fcr Benutzer auf diesen Websites oder Anwendungen verwendet werden k\u00f6nnen.<\/p><p>\u2022 <em>Werbe-Cookies:<\/em> Diese werden zur Verwaltung von Werbefl\u00e4chen verwendet, die vom Eigent\u00fcmer der Website oder Anwendung eingef\u00fcgt wurden.<\/p><p>\u2022 <em>Verhaltensbasierte Werbe-Cookies:<\/em> Diese erm\u00f6glichen die effektivste Verwaltung von Werbefl\u00e4chen, die der Eigent\u00fcmer der Website oder Anwendung eingef\u00fcgt hat. Daf\u00fcr werden Verhaltensdaten des Benutzers, die in diesen Cookies gespeichert sind, verwendet.<\/p><p><b>Verwendung von Cookies auf der Website.<\/b><\/p><p>Wir informieren Sie ausdr\u00fccklich, pr\u00e4zise und unmissverst\u00e4ndlich dar\u00fcber, dass die \u00fcber die auf Ihrem Computer installierten Cookies erhaltenen Informationen, mit Ausnahme derjenigen, die f\u00fcr die Anpassung der Navigation und f\u00fcr technische Fragen verwendet werden, nicht von uns genutzt werden, da wir keine Analyse- oder Werbe-Cookies verwenden. Die Empf\u00e4nger der \u00fcber die auf Ihrem Computer installierten Cookies erhaltenen Informationen sind folgende Unternehmen:<\/p><ul><li>Titular<\/li><li>Google<\/li><\/ul><div>\u00a0<\/div><div><p>Die vorgesehenen Zwecke sind in der folgenden Tabelle aufgef\u00fchrt:<\/p><\/div><table border=\"0\" width=\"100%\" cellpadding=\"0\"><tbody><tr><td width=\"22%\"><p align=\"center\"><strong>Cookie<\/strong><\/p><\/td><td width=\"12%\"><p align=\"center\"><strong>Titular<\/strong><\/p><\/td><td width=\"21%\"><p align=\"center\"><strong>Ablaufdatum<\/strong><\/p><\/td><td width=\"41%\"><p align=\"center\"><strong>Funktionalit\u00e4t<\/strong><\/p><\/td><\/tr><tr><td width=\"22%\"><p align=\"center\"><strong>PHPSESSID<\/strong><\/p><\/td><td width=\"12%\"><p align=\"center\"><strong>Titular<\/strong><\/p><\/td><td width=\"21%\"><p align=\"center\"><strong>Sitzung<\/strong><\/p><\/td><td width=\"41%\"><strong>Dieses Cookie wird von der Programmiersprache PHP verwendet, um die in der Webserver-Sitzung gespeicherten Variablen zu verwalten. Dieses Cookie ist f\u00fcr den ordnungsgem\u00e4\u00dfen Betrieb der Website unerl\u00e4sslich.<\/strong><\/td><\/tr><tr><td width=\"22%\"><p align=\"center\"><strong>_ga<\/strong><\/p><\/td><td width=\"12%\"><p align=\"center\"><strong>Google<\/strong><\/p><\/td><td width=\"21%\"><p align=\"center\"><strong>Zwei Jahre nach der Installation<\/strong><\/p><\/td><td width=\"41%\"><strong>Generiert statistische Daten \u00fcber die Verwendung der Seite<\/strong><\/td><\/tr><tr><td width=\"22%\"><p align=\"center\"><strong>_gat<\/strong><\/p><\/td><td width=\"12%\"><p align=\"center\"><strong>Google<\/strong><\/p><\/td><td width=\"21%\"><p align=\"center\"><strong>Sitzung<\/strong><\/p><\/td><td width=\"41%\"><strong>Berechnung der Zinssatzes der Website<\/strong><\/td><\/tr><tr><td width=\"22%\"><p align=\"center\"><strong>_gid<\/strong><\/p><\/td><td width=\"12%\"><p align=\"center\"><strong>Google<\/strong><\/p><\/td><td width=\"21%\"><p align=\"center\"><strong>Sitzung<\/strong><\/p><\/td><td width=\"41%\"><strong>Statistiken dar\u00fcber, wie der Besucher die Seite nutzt<\/strong><\/td><\/tr><\/tbody><\/table><p><b>Widerruf der Einwilligung zur Verwendung von Cookies und Browserkonfiguration<\/b><\/p><p>Wie bereits erw\u00e4hnt, k\u00f6nnen Sie Ihre Einwilligung jederzeit widerrufen und die Cookies l\u00f6schen. Hierzu k\u00f6nnen Sie die in Ihrem Webbrowser verf\u00fcgbaren Inhalts- und Datenschutzeinstellungen verwenden.<\/p><p><b>Aktualisierung der Cookie-Richtlinie und Kontakt<\/b><\/p><p>Diese Cookie-Richtlinie kann je nach verwendeten Cookies variieren. Wir empfehlen Ihnen, diese Richtlinie jedes Mal zu \u00fcberpr\u00fcfen, wenn Sie auf unsere Website zugreifen, um angemessen informiert zu sein, wie und wof\u00fcr wir Cookies verwenden, und um \u00fcber etwaige \u00c4nderungen im Datentyp informiert zu werden, die erfasst werden.<\/p><p>Wenn Sie Fragen zu unserer Cookie-Richtlinie haben oder Ihre zuvor erteilte Einwilligung widerrufen m\u00f6chten, k\u00f6nnen Sie sich unter folgender E-Mail-Adresse info@ibizamedicalcentre.com mit dem UNTERNEHMEN in Verbindung setzen und &#8222;Cookie-Richtlinie&#8220; im Betreff angeben.<\/p>\t\t\t\t\t\t\t\t<\/div>\n\t\t\t\t<\/div>\n\t\t\t\t\t<\/div>\n\t\t\t\t<\/div>\n\t\t\t\t<\/div>\n\t\t","protected":false},"excerpt":{"rendered":"<p>In \u00dcbereinstimmung mit der geltenden Gesetzgebung zum Schutz personenbezogener Daten informieren wir Sie dar\u00fcber, dass die personenbezogenen Daten, die Sie uns durch Ausf\u00fcllen des elektronischen Anmeldeformulars auf dieser Seite zur Verf\u00fcgung stellen, in Dateien gesammelt werden, f\u00fcr die der Inhaber der Datenverarbeitung verantwortlich ist: Medicina Domiciliaria S. L. Gem\u00e4\u00df den Bestimmungen der genannten Gesetzgebung kann [&hellip;]<\/p>\n","protected":false},"author":1,"featured_media":0,"parent":0,"menu_order":0,"comment_status":"closed","ping_status":"closed","template":"","meta":{"_joinchat":[],"footnotes":""},"class_list":["post-1246","page","type-page","status-publish","hentry"],"_links":{"self":[{"href":"https:\/\/www.ibizamedicalcentre.com\/de\/wp-json\/wp\/v2\/pages\/1246","targetHints":{"allow":["GET"]}}],"collection":[{"href":"https:\/\/www.ibizamedicalcentre.com\/de\/wp-json\/wp\/v2\/pages"}],"about":[{"href":"https:\/\/www.ibizamedicalcentre.com\/de\/wp-json\/wp\/v2\/types\/page"}],"author":[{"embeddable":true,"href":"https:\/\/www.ibizamedicalcentre.com\/de\/wp-json\/wp\/v2\/users\/1"}],"replies":[{"embeddable":true,"href":"https:\/\/www.ibizamedicalcentre.com\/de\/wp-json\/wp\/v2\/comments?post=1246"}],"version-history":[{"count":0,"href":"https:\/\/www.ibizamedicalcentre.com\/de\/wp-json\/wp\/v2\/pages\/1246\/revisions"}],"wp:attachment":[{"href":"https:\/\/www.ibizamedicalcentre.com\/de\/wp-json\/wp\/v2\/media?parent=1246"}],"curies":[{"name":"wp","href":"https:\/\/api.w.org\/{rel}","templated":true}]}}