{"id":1244,"date":"2023-06-06T12:18:47","date_gmt":"2023-06-06T10:18:47","guid":{"rendered":"https:\/\/www.ibizamedicalcentre.com\/kontaktieren-sie-uns\/"},"modified":"2025-08-14T12:45:20","modified_gmt":"2025-08-14T10:45:20","slug":"kontaktieren-sie-uns","status":"publish","type":"page","link":"https:\/\/www.ibizamedicalcentre.com\/de\/kontaktieren-sie-uns\/","title":{"rendered":"Kontakt"},"content":{"rendered":"\t\t<div data-elementor-type=\"wp-page\" data-elementor-id=\"1244\" class=\"elementor elementor-1244 elementor-201\" data-elementor-post-type=\"page\">\n\t\t\t\t<div class=\"elementor-element elementor-element-0e824f0 e-flex e-con-boxed e-con e-parent\" data-id=\"0e824f0\" data-element_type=\"container\" data-e-type=\"container\">\n\t\t\t\t\t<div class=\"e-con-inner\">\n\t\t<div class=\"elementor-element elementor-element-c6540be e-con-full e-flex e-con e-child\" data-id=\"c6540be\" data-element_type=\"container\" data-e-type=\"container\">\n\t\t\t\t<div class=\"elementor-element elementor-element-ac92112 elementor-widget elementor-widget-heading\" data-id=\"ac92112\" data-element_type=\"widget\" data-e-type=\"widget\" data-widget_type=\"heading.default\">\n\t\t\t\t<div class=\"elementor-widget-container\">\n\t\t\t\t\t<h1 class=\"elementor-heading-title elementor-size-default\">Kontakt<\/h1>\t\t\t\t<\/div>\n\t\t\t\t<\/div>\n\t\t\t\t<\/div>\n\t\t<div class=\"elementor-element elementor-element-e38584b e-con-full e-flex e-con e-child\" data-id=\"e38584b\" data-element_type=\"container\" data-e-type=\"container\">\n\t\t\t\t<div class=\"elementor-element elementor-element-01268a3 elementor-widget elementor-widget-heading\" data-id=\"01268a3\" data-element_type=\"widget\" data-e-type=\"widget\" data-widget_type=\"heading.default\">\n\t\t\t\t<div class=\"elementor-widget-container\">\n\t\t\t\t\t<h3 class=\"elementor-heading-title elementor-size-default\">Z\u00f6gern Sie nicht, uns f\u00fcr weitere Informationen zu kontaktieren.<\/h3>\t\t\t\t<\/div>\n\t\t\t\t<\/div>\n\t\t\t\t<\/div>\n\t\t\t\t\t<\/div>\n\t\t\t\t<\/div>\n\t\t<div class=\"elementor-element elementor-element-ca46547 e-flex e-con-boxed e-con e-parent\" data-id=\"ca46547\" data-element_type=\"container\" data-e-type=\"container\">\n\t\t\t\t\t<div class=\"e-con-inner\">\n\t\t<div class=\"elementor-element elementor-element-694fedc e-con-full e-flex elementor-invisible e-con e-child\" data-id=\"694fedc\" data-element_type=\"container\" data-e-type=\"container\" data-settings=\"{&quot;animation&quot;:&quot;fadeInLeft&quot;}\">\n\t\t\t\t<div class=\"elementor-element elementor-element-3761626 elementor-widget elementor-widget-heading\" data-id=\"3761626\" data-element_type=\"widget\" data-e-type=\"widget\" data-widget_type=\"heading.default\">\n\t\t\t\t<div class=\"elementor-widget-container\">\n\t\t\t\t\t<h2 class=\"elementor-heading-title elementor-size-default\">Wo Sie uns finden<\/h2>\t\t\t\t<\/div>\n\t\t\t\t<\/div>\n\t\t\t\t<div class=\"elementor-element elementor-element-f2634d1 elementor-widget elementor-widget-text-editor\" data-id=\"f2634d1\" data-element_type=\"widget\" data-e-type=\"widget\" data-widget_type=\"text-editor.default\">\n\t\t\t\t<div class=\"elementor-widget-container\">\n\t\t\t\t\t\t\t\t\t<p>Wir sind hier, um Ihre medizinischen Bed\u00fcrfnisse zu erf\u00fcllen. Ob Sie einen Termin vereinbaren, zus\u00e4tzliche Informationen anfordern oder andere Fragen haben m\u00f6chten, z\u00f6gern Sie nicht, uns zu kontaktieren.<\/p>\t\t\t\t\t\t\t\t<\/div>\n\t\t\t\t<\/div>\n\t\t\t\t<\/div>\n\t\t<div class=\"elementor-element elementor-element-7f25517 e-con-full e-flex e-con e-child\" data-id=\"7f25517\" data-element_type=\"container\" data-e-type=\"container\">\n\t\t<div class=\"elementor-element elementor-element-4b6a0e1 e-con-full e-flex elementor-invisible e-con e-child\" data-id=\"4b6a0e1\" data-element_type=\"container\" data-e-type=\"container\" data-settings=\"{&quot;animation&quot;:&quot;fadeInDown&quot;}\">\n\t\t\t\t<div class=\"elementor-element elementor-element-76c6f58 ekit-equal-height-enable elementor-widget elementor-widget-elementskit-icon-box\" data-id=\"76c6f58\" data-element_type=\"widget\" data-e-type=\"widget\" data-widget_type=\"elementskit-icon-box.default\">\n\t\t\t\t<div class=\"elementor-widget-container\">\n\t\t\t\t\t<div class=\"ekit-wid-con\" >        <!-- link opening -->\n                <!-- end link opening -->\n\n        <div class=\"elementskit-infobox text-center text- icon-top-align elementor-animation-   \">\n                    <div class=\"elementskit-box-header elementor-animation-\">\n                <div class=\"elementskit-info-box-icon  \">\n                    <i aria-hidden=\"true\" class=\"elementkit-infobox-icon fas fa-map-marker-alt\"><\/i>\n                <\/div>\n          <\/div>\n                        <div class=\"box-body\">\n                            <div class=\"elementskit-info-box-title\">\n                    Santa Eulalia                <\/div>\n                        \t\t  \t<p><p>Calle del mar 19<\/p>\n<p><a href=\"tel:+34%20971%20334%20060\">971 334 060<\/a><\/p><\/p>\n                                <\/div>\n        \n        \n                <\/div>\n        <\/div>\t\t\t\t<\/div>\n\t\t\t\t<\/div>\n\t\t\t\t<\/div>\n\t\t<div class=\"elementor-element elementor-element-1366e4d e-con-full e-flex elementor-invisible e-con e-child\" data-id=\"1366e4d\" data-element_type=\"container\" data-e-type=\"container\" data-settings=\"{&quot;animation&quot;:&quot;fadeInDown&quot;,&quot;animation_delay&quot;:240}\">\n\t\t\t\t<div class=\"elementor-element elementor-element-f396941 ekit-equal-height-enable elementor-widget elementor-widget-elementskit-icon-box\" data-id=\"f396941\" data-element_type=\"widget\" data-e-type=\"widget\" data-widget_type=\"elementskit-icon-box.default\">\n\t\t\t\t<div class=\"elementor-widget-container\">\n\t\t\t\t\t<div class=\"ekit-wid-con\" >        <!-- link opening -->\n                <!-- end link opening -->\n\n        <div class=\"elementskit-infobox text-center text- icon-top-align elementor-animation-   \">\n                    <div class=\"elementskit-box-header elementor-animation-\">\n                <div class=\"elementskit-info-box-icon  \">\n                    <i aria-hidden=\"true\" class=\"elementkit-infobox-icon fas fa-map-marker-alt\"><\/i>\n                <\/div>\n          <\/div>\n                        <div class=\"box-body\">\n                            <div class=\"elementskit-info-box-title\">\n                    Heimdienst                <\/div>\n                        \t\t  \t<p><p><a href=\"tel:+34 971 334 060\">971 334 060<\/a><\/p><\/p>\n                                <\/div>\n        \n        \n                <\/div>\n        <\/div>\t\t\t\t<\/div>\n\t\t\t\t<\/div>\n\t\t\t\t<\/div>\n\t\t\t\t<\/div>\n\t\t\t\t\t<\/div>\n\t\t\t\t<\/div>\n\t\t<div class=\"elementor-element elementor-element-6fa82d7 e-con-full e-flex e-con e-parent\" data-id=\"6fa82d7\" data-element_type=\"container\" data-e-type=\"container\">\n\t\t\t\t<div class=\"elementor-element elementor-element-ca2cbe9 elementor-widget elementor-widget-premium-addon-maps\" data-id=\"ca2cbe9\" data-element_type=\"widget\" data-e-type=\"widget\" data-widget_type=\"premium-addon-maps.default\">\n\t\t\t\t<div class=\"elementor-widget-container\">\n\t\t\t\t\t\n\t<div class=\"premium-maps-container\" id=\"premium-maps-container\">\n\n\t\t\n\t\t\t<div class=\"premium_maps_map_height premium-addons__v-hidden\" data-settings=\"{&quot;mapId&quot;:&quot;&quot;,&quot;maptype&quot;:&quot;roadmap&quot;,&quot;streetViewControl&quot;:false,&quot;centerlat&quot;:&quot;38.999372517901996&quot;,&quot;centerlong&quot;:&quot;1.4288041072687303&quot;,&quot;scrollwheel&quot;:false,&quot;fullScreen&quot;:false,&quot;zoomControl&quot;:false,&quot;typeControl&quot;:false,&quot;automaticOpen&quot;:false,&quot;hoverOpen&quot;:false,&quot;hoverClose&quot;:false,&quot;cluster&quot;:false,&quot;cluster_icon&quot;:&quot;&quot;,&quot;cluster_icon_size&quot;:&quot;&quot;,&quot;drag&quot;:&quot;&quot;,&quot;loadScroll&quot;:&quot;&quot;,&quot;linkedCarouselId&quot;:&quot;&quot;}\" data-style=\"\">\n\t\t\t\t\n\t\t\t<div class=\"premium-pin elementor-invisible\" data-lng=\"1.238175\" data-lat=\"38.938011\" data-icon=\"\" data-icon-size=\"\" data-max-width=\"1000\" data-activated=\"\">\n\t\t\t\t\t\t\t\t\t<div class='premium-maps-info-container'>\n\n\t\t\t\t\t\t<div class='premium-maps-title-wrap'>\n\t\t\t\t\t\t\t<p class='premium-maps-info-title'>Cala Tarida<\/p>\n\t\t\t\t\t\t<\/div>\n\n\t\t\t\t\t\t<div class='premium-maps-info-desc'>\n\t\t\t\t\t\t\t<p class=\"DUwDvf fontHeadlineLarge\">Insotel Club Tarida<\/p>\t\t\t\t\t\t<\/div>\n\n\t\t\t\t\t<\/div>\n\t\t\t\t\t\t\t<\/div>\n\n\t\t\n\t\t\t\t\t\n\t\t\t<div class=\"premium-pin elementor-invisible\" data-lng=\"1.536475882353343\" data-lat=\"38.985237870497535\" data-icon=\"\" data-icon-size=\"\" data-max-width=\"1000\" data-activated=\"\">\n\t\t\t\t\t\t\t\t\t<div class='premium-maps-info-container'>\n\n\t\t\t\t\t\t<div class='premium-maps-title-wrap'>\n\t\t\t\t\t\t\t<p class='premium-maps-info-title'>Santa Eulalia<\/p>\n\t\t\t\t\t\t<\/div>\n\n\t\t\t\t\t\t<div class='premium-maps-info-desc'>\n\t\t\t\t\t\t\t<p>Calle del mar 19<\/p>\t\t\t\t\t\t<\/div>\n\n\t\t\t\t\t<\/div>\n\t\t\t\t\t\t\t<\/div>\n\n\t\t\n\t\t\t\t\t\n\t\t\t<div class=\"premium-pin elementor-invisible\" data-lng=\"1.5917619206307356\" data-lat=\"39.051897214445034\" data-icon=\"\" data-icon-size=\"\" data-max-width=\"1000\" data-activated=\"\">\n\t\t\t\t\t\t\t\t\t<div class='premium-maps-info-container'>\n\n\t\t\t\t\t\t<div class='premium-maps-title-wrap'>\n\t\t\t\t\t\t\t<p class='premium-maps-info-title'>Cala Blanca<\/p>\n\t\t\t\t\t\t<\/div>\n\n\t\t\t\t\t\t<div class='premium-maps-info-desc'>\n\t\t\t\t\t\t\t<p>Playa de es figueral s\/n<\/p>\t\t\t\t\t\t<\/div>\n\n\t\t\t\t\t<\/div>\n\t\t\t\t\t\t\t<\/div>\n\n\t\t\n\t\t\t\t\t\n\t\t\t<\/div>\n\n\t\t\n\t<\/div>\n\n\t\t\t\t\t\t<\/div>\n\t\t\t\t<\/div>\n\t\t\t\t<\/div>\n\t\t\t\t<\/div>\n\t\t","protected":false},"excerpt":{"rendered":"<p>Z\u00f6gern Sie nicht, uns f\u00fcr weitere Informationen zu kontaktieren. Wo Sie uns finden Wir sind hier, um Ihre medizinischen Bed\u00fcrfnisse zu erf\u00fcllen. Ob Sie einen Termin vereinbaren, zus\u00e4tzliche Informationen anfordern oder andere Fragen haben m\u00f6chten, z\u00f6gern Sie nicht, uns zu kontaktieren. Santa Eulalia Calle del mar 19 971 334 060 Heimdienst 971 334 060 Cala [&hellip;]<\/p>\n","protected":false},"author":1,"featured_media":0,"parent":0,"menu_order":0,"comment_status":"closed","ping_status":"closed","template":"","meta":{"_joinchat":[],"footnotes":""},"class_list":["post-1244","page","type-page","status-publish","hentry"],"_links":{"self":[{"href":"https:\/\/www.ibizamedicalcentre.com\/de\/wp-json\/wp\/v2\/pages\/1244","targetHints":{"allow":["GET"]}}],"collection":[{"href":"https:\/\/www.ibizamedicalcentre.com\/de\/wp-json\/wp\/v2\/pages"}],"about":[{"href":"https:\/\/www.ibizamedicalcentre.com\/de\/wp-json\/wp\/v2\/types\/page"}],"author":[{"embeddable":true,"href":"https:\/\/www.ibizamedicalcentre.com\/de\/wp-json\/wp\/v2\/users\/1"}],"replies":[{"embeddable":true,"href":"https:\/\/www.ibizamedicalcentre.com\/de\/wp-json\/wp\/v2\/comments?post=1244"}],"version-history":[{"count":0,"href":"https:\/\/www.ibizamedicalcentre.com\/de\/wp-json\/wp\/v2\/pages\/1244\/revisions"}],"wp:attachment":[{"href":"https:\/\/www.ibizamedicalcentre.com\/de\/wp-json\/wp\/v2\/media?parent=1244"}],"curies":[{"name":"wp","href":"https:\/\/api.w.org\/{rel}","templated":true}]}}